{"id":29103,"date":"2025-12-30T17:42:28","date_gmt":"2025-12-30T17:42:28","guid":{"rendered":"https:\/\/energysupplyups.online\/?post_type=product&#038;p=29103"},"modified":"2025-12-30T18:01:10","modified_gmt":"2025-12-30T18:01:10","slug":"ups-centra-1000va-500w-office","status":"publish","type":"product","link":"https:\/\/energysupplyups.online\/?product=ups-centra-1000va-500w-office","title":{"rendered":"UPS CENTRA 1000VA \/ 500W OFFICE"},"content":{"rendered":"","protected":false},"excerpt":{"rendered":"<table class=\"woocommerce-product-attributes shop_attributes\" style=\"height: 93px;\" width=\"163\" aria-label=\"Product Details\">\n<tbody>\n<tr class=\"woocommerce-product-attributes-item woocommerce-product-attributes-item--attribute_resolution\">\n<th class=\"woocommerce-product-attributes-item__label\" style=\"text-align: left;\" scope=\"row\"><span class=\"wd-attr-name\"><span class=\"wd-attr-name-label\">Capacidad\u00a0<\/span><\/span><\/th>\n<td class=\"woocommerce-product-attributes-item__value\" style=\"text-align: left;\">1000VA<\/td>\n<\/tr>\n<tr class=\"woocommerce-product-attributes-item woocommerce-product-attributes-item--attribute_hard-drive-capacity\">\n<th class=\"woocommerce-product-attributes-item__label\" style=\"text-align: left;\" scope=\"row\"><span class=\"wd-attr-name\"><span class=\"wd-attr-name-label\">Watts<\/span><\/span><\/th>\n<td class=\"woocommerce-product-attributes-item__value\">500W<\/td>\n<\/tr>\n<tr class=\"woocommerce-product-attributes-item woocommerce-product-attributes-item--attribute_drive-type\">\n<th class=\"woocommerce-product-attributes-item__label\" style=\"text-align: left;\" scope=\"row\"><span class=\"wd-attr-name\"><span class=\"wd-attr-name-label\">Conexiones<\/span><\/span><\/th>\n<td class=\"woocommerce-product-attributes-item__value\">12<\/td>\n<\/tr>\n<tr class=\"woocommerce-product-attributes-item woocommerce-product-attributes-item--attribute_processor\">\n<th class=\"woocommerce-product-attributes-item__label\" style=\"text-align: left;\" scope=\"row\"><\/th>\n<td class=\"woocommerce-product-attributes-item__value\"><\/td>\n<\/tr>\n<tr class=\"woocommerce-product-attributes-item woocommerce-product-attributes-item--attribute_output\">\n<th class=\"woocommerce-product-attributes-item__label\" scope=\"row\"><\/th>\n<td class=\"woocommerce-product-attributes-item__value\"><\/td>\n<\/tr>\n<\/tbody>\n<\/table>\n<p>M\u00e1s que un UPS, es el aliado ideal para tus requerimientos de trabajo. Con 12 contactos el\u00e9ctricos, bater\u00eda de f\u00e1cil reemplazo y protecci\u00f3n avanzada contra apagones, altos y bajos voltajes, picos y ruido de alta frecuencia. El CENTRA OFFICE mantiene tus dispositivos conectados, seguros y funcionando sin interrupciones. Dise\u00f1ado para oficinas modernas, silencioso, compacto y listo para cuidar tu productividad. Adicionalmente cuenta con dos puertos USB (1 tipo A\/1 tipo C) para carga de dispositivos m\u00f3viles, protecci\u00f3n coaxial para sistemas de Audio\/Video y protecci\u00f3n RJ45 para redes de c\u00f3mputo.<\/p>\n<p><span style=\"color: #3b3c61;\"><a style=\"color: #ff6600;\" href=\"https:\/\/centra-la.com\/act2025\/fichas\/CENTRA%20OFFICE%20LED%201000.pdf\" target=\"_blank\" rel=\"noopener\"><button class=\"boton1\"><br \/>\nCLICK PARA VER ESPECIFICACIONES T\u00c9CNICAS DEL EQUIPO<\/button><\/a><\/span><\/p>\n","protected":false},"featured_media":29099,"comment_status":"open","ping_status":"closed","template":"","meta":[],"product_brand":[79],"product_cat":[74],"product_tag":[],"class_list":{"0":"post-29103","1":"product","2":"type-product","3":"status-publish","4":"has-post-thumbnail","6":"product_brand-centra","7":"product_cat-ups-interactivos","9":"first","10":"instock","11":"shipping-taxable","12":"purchasable","13":"product-type-simple"},"_links":{"self":[{"href":"https:\/\/energysupplyups.online\/index.php?rest_route=\/wp\/v2\/product\/29103","targetHints":{"allow":["GET"]}}],"collection":[{"href":"https:\/\/energysupplyups.online\/index.php?rest_route=\/wp\/v2\/product"}],"about":[{"href":"https:\/\/energysupplyups.online\/index.php?rest_route=\/wp\/v2\/types\/product"}],"replies":[{"embeddable":true,"href":"https:\/\/energysupplyups.online\/index.php?rest_route=%2Fwp%2Fv2%2Fcomments&post=29103"}],"version-history":[{"count":1,"href":"https:\/\/energysupplyups.online\/index.php?rest_route=\/wp\/v2\/product\/29103\/revisions"}],"predecessor-version":[{"id":29104,"href":"https:\/\/energysupplyups.online\/index.php?rest_route=\/wp\/v2\/product\/29103\/revisions\/29104"}],"wp:featuredmedia":[{"embeddable":true,"href":"https:\/\/energysupplyups.online\/index.php?rest_route=\/wp\/v2\/media\/29099"}],"wp:attachment":[{"href":"https:\/\/energysupplyups.online\/index.php?rest_route=%2Fwp%2Fv2%2Fmedia&parent=29103"}],"wp:term":[{"taxonomy":"product_brand","embeddable":true,"href":"https:\/\/energysupplyups.online\/index.php?rest_route=%2Fwp%2Fv2%2Fproduct_brand&post=29103"},{"taxonomy":"product_cat","embeddable":true,"href":"https:\/\/energysupplyups.online\/index.php?rest_route=%2Fwp%2Fv2%2Fproduct_cat&post=29103"},{"taxonomy":"product_tag","embeddable":true,"href":"https:\/\/energysupplyups.online\/index.php?rest_route=%2Fwp%2Fv2%2Fproduct_tag&post=29103"}],"curies":[{"name":"wp","href":"https:\/\/api.w.org\/{rel}","templated":true}]}}