{"id":29219,"date":"2025-12-31T16:50:30","date_gmt":"2025-12-31T16:50:30","guid":{"rendered":"https:\/\/energysupplyups.online\/?post_type=product&#038;p=29219"},"modified":"2025-12-31T16:52:49","modified_gmt":"2025-12-31T16:52:49","slug":"ups-forza-2200-lcd","status":"publish","type":"product","link":"https:\/\/energysupplyups.online\/?product=ups-forza-2200-lcd","title":{"rendered":"UPS FORZA 2200 LCD"},"content":{"rendered":"","protected":false},"excerpt":{"rendered":"<table class=\"woocommerce-product-attributes shop_attributes\" style=\"height: 93px;\" width=\"163\" aria-label=\"Product Details\">\n<tbody>\n<tr class=\"woocommerce-product-attributes-item woocommerce-product-attributes-item--attribute_resolution\">\n<th class=\"woocommerce-product-attributes-item__label\" style=\"text-align: left;\" scope=\"row\"><span class=\"wd-attr-name\"><span class=\"wd-attr-name-label\">Capacidad\u00a0<\/span><\/span><\/th>\n<td class=\"woocommerce-product-attributes-item__value\" style=\"text-align: left;\">2200VA<\/td>\n<\/tr>\n<tr class=\"woocommerce-product-attributes-item woocommerce-product-attributes-item--attribute_hard-drive-capacity\">\n<th class=\"woocommerce-product-attributes-item__label\" style=\"text-align: left;\" scope=\"row\"><span class=\"wd-attr-name\"><span class=\"wd-attr-name-label\">Watts<\/span><\/span><\/th>\n<td class=\"woocommerce-product-attributes-item__value\">1200W<\/td>\n<\/tr>\n<tr class=\"woocommerce-product-attributes-item woocommerce-product-attributes-item--attribute_drive-type\">\n<th class=\"woocommerce-product-attributes-item__label\" style=\"text-align: left;\" scope=\"row\"><span class=\"wd-attr-name\"><span class=\"wd-attr-name-label\">Conexiones<\/span><\/span><\/th>\n<td class=\"woocommerce-product-attributes-item__value\">8<\/td>\n<\/tr>\n<tr class=\"woocommerce-product-attributes-item woocommerce-product-attributes-item--attribute_processor\">\n<th class=\"woocommerce-product-attributes-item__label\" style=\"text-align: left;\" scope=\"row\"><\/th>\n<td class=\"woocommerce-product-attributes-item__value\"><\/td>\n<\/tr>\n<tr class=\"woocommerce-product-attributes-item woocommerce-product-attributes-item--attribute_output\">\n<th class=\"woocommerce-product-attributes-item__label\" scope=\"row\"><\/th>\n<td class=\"woocommerce-product-attributes-item__value\"><\/td>\n<\/tr>\n<\/tbody>\n<\/table>\n<p>\u2022UPS inteligente con topolog\u00eda interactiva en l\u00ednea<br \/>\n\u2022 Unidad con energ\u00eda de respaldo para emergencias<br \/>\n\u2022 Completa protecci\u00f3n de regulaci\u00f3n AVR<br \/>\n\u2022 Control simplicado con monitor LCD de \u00faltima generaci\u00f3n<br \/>\n\u2022 Protecci\u00f3n de l\u00ednea coaxial<br \/>\n\u2022 Protecci\u00f3n gigabit para dispositivos de red, de comunicaci\u00f3n VoIP y m\u00f3dems<br \/>\n\u2022 Software ForzaTracker<br \/>\n\u2022 Incluye cable USB<br \/>\n\u2022 Calidad de confianza<\/p>\n<p><span style=\"color: #3b3c61;\"><a style=\"color: #ff6600;\" href=\"https:\/\/forza-ups-frontend.s3.amazonaws.com\/media\/docs\/FX-2200LCD-(Giga)-SPA.pdf\" target=\"_blank\" rel=\"noopener\"><button class=\"boton1\"><br \/>\nCLICK PARA VER ESPECIFICACIONES T\u00c9CNICAS DEL EQUIPO<\/button><\/a><\/span><\/p>\n","protected":false},"featured_media":29214,"comment_status":"open","ping_status":"closed","template":"","meta":[],"product_brand":[82],"product_cat":[74],"product_tag":[],"class_list":{"0":"post-29219","1":"product","2":"type-product","3":"status-publish","4":"has-post-thumbnail","6":"product_brand-forza","7":"product_cat-ups-interactivos","9":"first","10":"instock","11":"shipping-taxable","12":"purchasable","13":"product-type-simple"},"_links":{"self":[{"href":"https:\/\/energysupplyups.online\/index.php?rest_route=\/wp\/v2\/product\/29219","targetHints":{"allow":["GET"]}}],"collection":[{"href":"https:\/\/energysupplyups.online\/index.php?rest_route=\/wp\/v2\/product"}],"about":[{"href":"https:\/\/energysupplyups.online\/index.php?rest_route=\/wp\/v2\/types\/product"}],"replies":[{"embeddable":true,"href":"https:\/\/energysupplyups.online\/index.php?rest_route=%2Fwp%2Fv2%2Fcomments&post=29219"}],"version-history":[{"count":1,"href":"https:\/\/energysupplyups.online\/index.php?rest_route=\/wp\/v2\/product\/29219\/revisions"}],"predecessor-version":[{"id":29220,"href":"https:\/\/energysupplyups.online\/index.php?rest_route=\/wp\/v2\/product\/29219\/revisions\/29220"}],"wp:featuredmedia":[{"embeddable":true,"href":"https:\/\/energysupplyups.online\/index.php?rest_route=\/wp\/v2\/media\/29214"}],"wp:attachment":[{"href":"https:\/\/energysupplyups.online\/index.php?rest_route=%2Fwp%2Fv2%2Fmedia&parent=29219"}],"wp:term":[{"taxonomy":"product_brand","embeddable":true,"href":"https:\/\/energysupplyups.online\/index.php?rest_route=%2Fwp%2Fv2%2Fproduct_brand&post=29219"},{"taxonomy":"product_cat","embeddable":true,"href":"https:\/\/energysupplyups.online\/index.php?rest_route=%2Fwp%2Fv2%2Fproduct_cat&post=29219"},{"taxonomy":"product_tag","embeddable":true,"href":"https:\/\/energysupplyups.online\/index.php?rest_route=%2Fwp%2Fv2%2Fproduct_tag&post=29219"}],"curies":[{"name":"wp","href":"https:\/\/api.w.org\/{rel}","templated":true}]}}