{"id":29222,"date":"2025-12-31T16:55:26","date_gmt":"2025-12-31T16:55:26","guid":{"rendered":"https:\/\/energysupplyups.online\/?post_type=product&#038;p=29222"},"modified":"2025-12-31T17:05:24","modified_gmt":"2025-12-31T17:05:24","slug":"ups-forza-1500-lcd-onda-sinusoidal-pura","status":"publish","type":"product","link":"https:\/\/energysupplyups.online\/?product=ups-forza-1500-lcd-onda-sinusoidal-pura","title":{"rendered":"UPS FORZA 1500 LCD (Onda Sinusoidal Pura)"},"content":{"rendered":"","protected":false},"excerpt":{"rendered":"<table class=\"woocommerce-product-attributes shop_attributes\" style=\"height: 93px;\" width=\"163\" aria-label=\"Product Details\">\n<tbody>\n<tr class=\"woocommerce-product-attributes-item woocommerce-product-attributes-item--attribute_resolution\">\n<th class=\"woocommerce-product-attributes-item__label\" style=\"text-align: left;\" scope=\"row\"><span class=\"wd-attr-name\"><span class=\"wd-attr-name-label\">Capacidad\u00a0<\/span><\/span><\/th>\n<td class=\"woocommerce-product-attributes-item__value\" style=\"text-align: left;\">1500VA<\/td>\n<\/tr>\n<tr class=\"woocommerce-product-attributes-item woocommerce-product-attributes-item--attribute_hard-drive-capacity\">\n<th class=\"woocommerce-product-attributes-item__label\" style=\"text-align: left;\" scope=\"row\"><span class=\"wd-attr-name\"><span class=\"wd-attr-name-label\">Watts<\/span><\/span><\/th>\n<td class=\"woocommerce-product-attributes-item__value\">900W<\/td>\n<\/tr>\n<tr class=\"woocommerce-product-attributes-item woocommerce-product-attributes-item--attribute_drive-type\">\n<th class=\"woocommerce-product-attributes-item__label\" style=\"text-align: left;\" scope=\"row\"><span class=\"wd-attr-name\"><span class=\"wd-attr-name-label\">Conexiones<\/span><\/span><\/th>\n<td class=\"woocommerce-product-attributes-item__value\">8<\/td>\n<\/tr>\n<tr class=\"woocommerce-product-attributes-item woocommerce-product-attributes-item--attribute_processor\">\n<th class=\"woocommerce-product-attributes-item__label\" style=\"text-align: left;\" scope=\"row\"><\/th>\n<td class=\"woocommerce-product-attributes-item__value\"><\/td>\n<\/tr>\n<tr class=\"woocommerce-product-attributes-item woocommerce-product-attributes-item--attribute_output\">\n<th class=\"woocommerce-product-attributes-item__label\" scope=\"row\"><\/th>\n<td class=\"woocommerce-product-attributes-item__value\"><\/td>\n<\/tr>\n<\/tbody>\n<\/table>\n<p>\u2022 1500VA\/900W<br \/>\n\u2022 10 salidas con protecci\u00f3n total<br \/>\n\u2022 Salida de onda sinusoidal pura<br \/>\n\u2022 Ideal para videojuegos y para fuentes de alimentaci\u00f3n con APFC (Correcci\u00f3n Activa del<br \/>\nFactor de Potencia)<br \/>\n\u2022 Dos puertos USB protegidos para carga, de 2,1A<br \/>\n\u2022 Protecci\u00f3n de red y l\u00ednea telef\u00f3nica<br \/>\n\u2022 Protecci\u00f3n de l\u00ednea coaxial<br \/>\n\u2022 Bater\u00eda desmontable y de f\u00e1cil reemplazo<br \/>\n\u2022 Panel LCD de f\u00e1cil lectura indica el estado funcional en tiempo real<br \/>\n\u2022 Protecci\u00f3n contra sobrecarga, descarga y subidas de voltaje repentinas<\/p>\n<p><span style=\"color: #3b3c61;\"><a style=\"color: #ff6600;\" href=\"https:\/\/cdn.cyberpuerta.mx\/storage\/articles\/multimedia\/60d\/f26\/946\/60df26946e1d9.pdf\" target=\"_blank\" rel=\"noopener\"><button class=\"boton1\"><br \/>\nCLICK PARA VER ESPECIFICACIONES T\u00c9CNICAS DEL EQUIPO<\/button><\/a><\/span><\/p>\n","protected":false},"featured_media":29223,"comment_status":"open","ping_status":"closed","template":"","meta":[],"product_brand":[82],"product_cat":[74],"product_tag":[],"class_list":{"0":"post-29222","1":"product","2":"type-product","3":"status-publish","4":"has-post-thumbnail","6":"product_brand-forza","7":"product_cat-ups-interactivos","9":"first","10":"instock","11":"shipping-taxable","12":"purchasable","13":"product-type-simple"},"_links":{"self":[{"href":"https:\/\/energysupplyups.online\/index.php?rest_route=\/wp\/v2\/product\/29222","targetHints":{"allow":["GET"]}}],"collection":[{"href":"https:\/\/energysupplyups.online\/index.php?rest_route=\/wp\/v2\/product"}],"about":[{"href":"https:\/\/energysupplyups.online\/index.php?rest_route=\/wp\/v2\/types\/product"}],"replies":[{"embeddable":true,"href":"https:\/\/energysupplyups.online\/index.php?rest_route=%2Fwp%2Fv2%2Fcomments&post=29222"}],"version-history":[{"count":1,"href":"https:\/\/energysupplyups.online\/index.php?rest_route=\/wp\/v2\/product\/29222\/revisions"}],"predecessor-version":[{"id":29226,"href":"https:\/\/energysupplyups.online\/index.php?rest_route=\/wp\/v2\/product\/29222\/revisions\/29226"}],"wp:featuredmedia":[{"embeddable":true,"href":"https:\/\/energysupplyups.online\/index.php?rest_route=\/wp\/v2\/media\/29223"}],"wp:attachment":[{"href":"https:\/\/energysupplyups.online\/index.php?rest_route=%2Fwp%2Fv2%2Fmedia&parent=29222"}],"wp:term":[{"taxonomy":"product_brand","embeddable":true,"href":"https:\/\/energysupplyups.online\/index.php?rest_route=%2Fwp%2Fv2%2Fproduct_brand&post=29222"},{"taxonomy":"product_cat","embeddable":true,"href":"https:\/\/energysupplyups.online\/index.php?rest_route=%2Fwp%2Fv2%2Fproduct_cat&post=29222"},{"taxonomy":"product_tag","embeddable":true,"href":"https:\/\/energysupplyups.online\/index.php?rest_route=%2Fwp%2Fv2%2Fproduct_tag&post=29222"}],"curies":[{"name":"wp","href":"https:\/\/api.w.org\/{rel}","templated":true}]}}