{"id":29231,"date":"2025-12-31T19:08:35","date_gmt":"2025-12-31T19:08:35","guid":{"rendered":"https:\/\/energysupplyups.online\/?post_type=product&#038;p=29231"},"modified":"2025-12-31T19:15:31","modified_gmt":"2025-12-31T19:15:31","slug":"canon-megatank-g2170-impresora-multifuncion","status":"publish","type":"product","link":"https:\/\/energysupplyups.online\/?product=canon-megatank-g2170-impresora-multifuncion","title":{"rendered":"CANON MEGATANK G2170 &#8211; IMPRESORA MULTIFUNCI\u00d3N"},"content":{"rendered":"","protected":false},"excerpt":{"rendered":"<table class=\"woocommerce-product-attributes shop_attributes\" style=\"height: 199px;\" width=\"241\" aria-label=\"Product Details\">\n<tbody>\n<tr class=\"woocommerce-product-attributes-item woocommerce-product-attributes-item--attribute_resolution\">\n<th class=\"woocommerce-product-attributes-item__label\" style=\"text-align: left;\" scope=\"row\"><span class=\"wd-attr-name\"><span class=\"wd-attr-name-label\">Tipo<\/span><\/span><\/th>\n<td class=\"woocommerce-product-attributes-item__value\" style=\"text-align: left;\">Multifunci\u00f3n<\/td>\n<\/tr>\n<tr class=\"woocommerce-product-attributes-item woocommerce-product-attributes-item--attribute_hard-drive-capacity\">\n<th class=\"woocommerce-product-attributes-item__label\" style=\"text-align: left;\" scope=\"row\"><span class=\"wd-attr-name\"><span class=\"wd-attr-name-label\">Tinta<\/span><\/span><\/th>\n<td class=\"woocommerce-product-attributes-item__value\">chorro de tinta<\/td>\n<\/tr>\n<tr class=\"woocommerce-product-attributes-item woocommerce-product-attributes-item--attribute_drive-type\">\n<th class=\"woocommerce-product-attributes-item__label\" style=\"text-align: left;\" scope=\"row\"><span class=\"wd-attr-name\"><span class=\"wd-attr-name-label\">Conexi\u00f3n<\/span><\/span><\/th>\n<td class=\"woocommerce-product-attributes-item__value\">usb<\/td>\n<\/tr>\n<tr class=\"woocommerce-product-attributes-item woocommerce-product-attributes-item--attribute_processor\">\n<th class=\"woocommerce-product-attributes-item__label\" style=\"text-align: left;\" scope=\"row\"><\/th>\n<td class=\"woocommerce-product-attributes-item__value\"><\/td>\n<\/tr>\n<tr class=\"woocommerce-product-attributes-item woocommerce-product-attributes-item--attribute_output\">\n<th class=\"woocommerce-product-attributes-item__label\" scope=\"row\"><\/th>\n<td class=\"woocommerce-product-attributes-item__value\"><\/td>\n<\/tr>\n<\/tbody>\n<\/table>\n<p>La impresora multifuncional CANON Pixma G2170 ofrece impresi\u00f3n, escaneo y copiado de alta calidad. Con tecnolog\u00eda de tinta MegaTank, garantiza rendimiento y econom\u00eda en cada p\u00e1gina. Ideal para oficinas y hogares que requieren soluciones vers\u00e1tiles y confiables.<\/p>\n<p><span style=\"color: #3b3c61;\"><a style=\"color: #ff6600;\" href=\"https:\/\/staludra.blob.core.windows.net\/aludra-files\/2\/Product\/DBC34A9F-B520-4C3D-A53A-1074FFD09CCF\/24012025143703.pdf\" target=\"_blank\" rel=\"noopener\"><button class=\"boton1\"><br \/>\nCLICK PARA VER ESPECIFICACIONES T\u00c9CNICAS DEL EQUIPO<\/button><\/a><\/span><\/p>\n","protected":false},"featured_media":29232,"comment_status":"open","ping_status":"closed","template":"","meta":[],"product_brand":[83],"product_cat":[77],"product_tag":[],"class_list":{"0":"post-29231","1":"product","2":"type-product","3":"status-publish","4":"has-post-thumbnail","6":"product_brand-canon","7":"product_cat-impresores","9":"first","10":"instock","11":"shipping-taxable","12":"purchasable","13":"product-type-simple"},"_links":{"self":[{"href":"https:\/\/energysupplyups.online\/index.php?rest_route=\/wp\/v2\/product\/29231","targetHints":{"allow":["GET"]}}],"collection":[{"href":"https:\/\/energysupplyups.online\/index.php?rest_route=\/wp\/v2\/product"}],"about":[{"href":"https:\/\/energysupplyups.online\/index.php?rest_route=\/wp\/v2\/types\/product"}],"replies":[{"embeddable":true,"href":"https:\/\/energysupplyups.online\/index.php?rest_route=%2Fwp%2Fv2%2Fcomments&post=29231"}],"version-history":[{"count":1,"href":"https:\/\/energysupplyups.online\/index.php?rest_route=\/wp\/v2\/product\/29231\/revisions"}],"predecessor-version":[{"id":29233,"href":"https:\/\/energysupplyups.online\/index.php?rest_route=\/wp\/v2\/product\/29231\/revisions\/29233"}],"wp:featuredmedia":[{"embeddable":true,"href":"https:\/\/energysupplyups.online\/index.php?rest_route=\/wp\/v2\/media\/29232"}],"wp:attachment":[{"href":"https:\/\/energysupplyups.online\/index.php?rest_route=%2Fwp%2Fv2%2Fmedia&parent=29231"}],"wp:term":[{"taxonomy":"product_brand","embeddable":true,"href":"https:\/\/energysupplyups.online\/index.php?rest_route=%2Fwp%2Fv2%2Fproduct_brand&post=29231"},{"taxonomy":"product_cat","embeddable":true,"href":"https:\/\/energysupplyups.online\/index.php?rest_route=%2Fwp%2Fv2%2Fproduct_cat&post=29231"},{"taxonomy":"product_tag","embeddable":true,"href":"https:\/\/energysupplyups.online\/index.php?rest_route=%2Fwp%2Fv2%2Fproduct_tag&post=29231"}],"curies":[{"name":"wp","href":"https:\/\/api.w.org\/{rel}","templated":true}]}}