{"id":29234,"date":"2025-12-31T19:15:56","date_gmt":"2025-12-31T19:15:56","guid":{"rendered":"https:\/\/energysupplyups.online\/?post_type=product&#038;p=29234"},"modified":"2025-12-31T19:22:39","modified_gmt":"2025-12-31T19:22:39","slug":"epson-l3250-impresora-multifuncion-wifi","status":"publish","type":"product","link":"https:\/\/energysupplyups.online\/?product=epson-l3250-impresora-multifuncion-wifi","title":{"rendered":"EPSON L3250- IMPRESORA MULTIFUNCI\u00d3N (WIFI)"},"content":{"rendered":"","protected":false},"excerpt":{"rendered":"<table class=\"woocommerce-product-attributes shop_attributes\" style=\"height: 199px;\" width=\"241\" aria-label=\"Product Details\">\n<tbody>\n<tr class=\"woocommerce-product-attributes-item woocommerce-product-attributes-item--attribute_resolution\">\n<th class=\"woocommerce-product-attributes-item__label\" style=\"text-align: left;\" scope=\"row\"><span class=\"wd-attr-name\"><span class=\"wd-attr-name-label\">Tipo<\/span><\/span><\/th>\n<td class=\"woocommerce-product-attributes-item__value\" style=\"text-align: left;\">Multifunci\u00f3n<\/td>\n<\/tr>\n<tr class=\"woocommerce-product-attributes-item woocommerce-product-attributes-item--attribute_hard-drive-capacity\">\n<th class=\"woocommerce-product-attributes-item__label\" style=\"text-align: left;\" scope=\"row\"><span class=\"wd-attr-name\"><span class=\"wd-attr-name-label\">Tinta<\/span><\/span><\/th>\n<td class=\"woocommerce-product-attributes-item__value\">chorro de tinta<\/td>\n<\/tr>\n<tr class=\"woocommerce-product-attributes-item woocommerce-product-attributes-item--attribute_drive-type\">\n<th class=\"woocommerce-product-attributes-item__label\" style=\"text-align: left;\" scope=\"row\"><span class=\"wd-attr-name\"><span class=\"wd-attr-name-label\">Conexi\u00f3n<\/span><\/span><\/th>\n<td class=\"woocommerce-product-attributes-item__value\">usb y wifi<\/td>\n<\/tr>\n<tr class=\"woocommerce-product-attributes-item woocommerce-product-attributes-item--attribute_processor\">\n<th class=\"woocommerce-product-attributes-item__label\" style=\"text-align: left;\" scope=\"row\"><\/th>\n<td class=\"woocommerce-product-attributes-item__value\"><\/td>\n<\/tr>\n<tr class=\"woocommerce-product-attributes-item woocommerce-product-attributes-item--attribute_output\">\n<th class=\"woocommerce-product-attributes-item__label\" scope=\"row\"><\/th>\n<td class=\"woocommerce-product-attributes-item__value\"><\/td>\n<\/tr>\n<\/tbody>\n<\/table>\n<p>Se integra en su estilo de vida, compatible con la nueva aplicaci\u00f3n Smart Panel para una nueva y excepcional experiencia en impresi\u00f3n desde sus dispositivos m\u00f3viles, con conectividad WiFi y\u00a0 funciones de impresi\u00f3n, copiado y escaneo. Es muy f\u00e1cil de configurar y usar, y fue dise\u00f1ada para ocupar poco espacio<\/p>\n<p><span style=\"color: #3b3c61;\"><a style=\"color: #ff6600;\" href=\"https:\/\/mediaserver.goepson.com\/ImConvServlet\/imconv\/3e9b2ea3abde911bc75205e1157d7ef76c60547f\/original?assetDescr=Ficha-T%C3%A9cnica-EcoTank-L3250-v2106.pdf\" target=\"_blank\" rel=\"noopener\"><button class=\"boton1\"><br \/>\nCLICK PARA VER ESPECIFICACIONES T\u00c9CNICAS DEL EQUIPO<\/button><\/a><\/span><\/p>\n","protected":false},"featured_media":29235,"comment_status":"open","ping_status":"closed","template":"","meta":[],"product_brand":[84],"product_cat":[77],"product_tag":[],"class_list":{"0":"post-29234","1":"product","2":"type-product","3":"status-publish","4":"has-post-thumbnail","6":"product_brand-epson","7":"product_cat-impresores","9":"first","10":"instock","11":"shipping-taxable","12":"purchasable","13":"product-type-simple"},"_links":{"self":[{"href":"https:\/\/energysupplyups.online\/index.php?rest_route=\/wp\/v2\/product\/29234","targetHints":{"allow":["GET"]}}],"collection":[{"href":"https:\/\/energysupplyups.online\/index.php?rest_route=\/wp\/v2\/product"}],"about":[{"href":"https:\/\/energysupplyups.online\/index.php?rest_route=\/wp\/v2\/types\/product"}],"replies":[{"embeddable":true,"href":"https:\/\/energysupplyups.online\/index.php?rest_route=%2Fwp%2Fv2%2Fcomments&post=29234"}],"version-history":[{"count":1,"href":"https:\/\/energysupplyups.online\/index.php?rest_route=\/wp\/v2\/product\/29234\/revisions"}],"predecessor-version":[{"id":29236,"href":"https:\/\/energysupplyups.online\/index.php?rest_route=\/wp\/v2\/product\/29234\/revisions\/29236"}],"wp:featuredmedia":[{"embeddable":true,"href":"https:\/\/energysupplyups.online\/index.php?rest_route=\/wp\/v2\/media\/29235"}],"wp:attachment":[{"href":"https:\/\/energysupplyups.online\/index.php?rest_route=%2Fwp%2Fv2%2Fmedia&parent=29234"}],"wp:term":[{"taxonomy":"product_brand","embeddable":true,"href":"https:\/\/energysupplyups.online\/index.php?rest_route=%2Fwp%2Fv2%2Fproduct_brand&post=29234"},{"taxonomy":"product_cat","embeddable":true,"href":"https:\/\/energysupplyups.online\/index.php?rest_route=%2Fwp%2Fv2%2Fproduct_cat&post=29234"},{"taxonomy":"product_tag","embeddable":true,"href":"https:\/\/energysupplyups.online\/index.php?rest_route=%2Fwp%2Fv2%2Fproduct_tag&post=29234"}],"curies":[{"name":"wp","href":"https:\/\/api.w.org\/{rel}","templated":true}]}}